{"id":223,"date":"2025-01-26T22:18:56","date_gmt":"2025-01-26T22:18:56","guid":{"rendered":"https:\/\/honeydew-kangaroo-582145.hostingersite.com\/?page_id=223"},"modified":"2025-05-01T09:12:46","modified_gmt":"2025-05-01T09:12:46","slug":"projects","status":"publish","type":"page","link":"https:\/\/boreal.al\/en\/projects\/","title":{"rendered":"Projects"},"content":{"rendered":"<div data-elementor-type=\"wp-page\" data-elementor-id=\"223\" class=\"elementor elementor-223\" data-elementor-post-type=\"page\">\n\t\t\t\t<div class=\"elementor-element elementor-element-7d8a9d8f e-flex e-con-boxed e-con e-parent\" data-id=\"7d8a9d8f\" data-element_type=\"container\" data-settings=\"{&quot;background_background&quot;:&quot;classic&quot;}\">\n\t\t\t\t\t<div class=\"e-con-inner\">\n\t\t<div class=\"elementor-element elementor-element-51f32b00 e-con-full e-flex e-con e-child\" data-id=\"51f32b00\" data-element_type=\"container\">\n\t\t\t\t<div class=\"elementor-element elementor-element-845cc09 elementor-absolute elementor-widget__width-inherit elementor-align-center elementor-widget elementor-widget-lottie\" data-id=\"845cc09\" data-element_type=\"widget\" data-settings=\"{&quot;source&quot;:&quot;external_url&quot;,&quot;source_external_url&quot;:{&quot;url&quot;:&quot;https:\\\/\\\/lottie.host\\\/6ac07336-cfdd-4d00-8eb0-4cd9382569dc\\\/NplUHATYyY.json&quot;,&quot;is_external&quot;:&quot;&quot;,&quot;nofollow&quot;:&quot;&quot;,&quot;custom_attributes&quot;:&quot;&quot;},&quot;loop&quot;:&quot;yes&quot;,&quot;_position&quot;:&quot;absolute&quot;,&quot;play_speed&quot;:{&quot;unit&quot;:&quot;px&quot;,&quot;size&quot;:0.5,&quot;sizes&quot;:[]},&quot;link_to&quot;:&quot;none&quot;,&quot;trigger&quot;:&quot;arriving_to_viewport&quot;,&quot;viewport&quot;:{&quot;unit&quot;:&quot;%&quot;,&quot;size&quot;:&quot;&quot;,&quot;sizes&quot;:{&quot;start&quot;:0,&quot;end&quot;:100}},&quot;start_point&quot;:{&quot;unit&quot;:&quot;%&quot;,&quot;size&quot;:0,&quot;sizes&quot;:[]},&quot;end_point&quot;:{&quot;unit&quot;:&quot;%&quot;,&quot;size&quot;:100,&quot;sizes&quot;:[]},&quot;renderer&quot;:&quot;svg&quot;}\" data-widget_type=\"lottie.default\">\n\t\t\t\t<div class=\"elementor-widget-container\">\n\t\t\t\t\t<div class=\"e-lottie__container\"><div class=\"e-lottie__animation\"><\/div><\/div>\t\t\t\t<\/div>\n\t\t\t\t<\/div>\n\t\t\t\t<div class=\"elementor-element elementor-element-d15e01b elementor-invisible elementor-widget elementor-widget-heading\" data-id=\"d15e01b\" data-element_type=\"widget\" data-settings=\"{&quot;_animation&quot;:&quot;fadeInUp&quot;}\" data-widget_type=\"heading.default\">\n\t\t\t\t<div class=\"elementor-widget-container\">\n\t\t\t\t\t<h2 class=\"elementor-heading-title elementor-size-default\">Projekte<\/h2>\t\t\t\t<\/div>\n\t\t\t\t<\/div>\n\t\t\t\t<\/div>\n\t\t\t\t\t<\/div>\n\t\t\t\t<\/div>\n\t\t<div class=\"elementor-element elementor-element-72bc2bee e-flex e-con-boxed e-con e-parent\" data-id=\"72bc2bee\" data-element_type=\"container\" data-settings=\"{&quot;background_background&quot;:&quot;classic&quot;}\">\n\t\t\t\t\t<div class=\"e-con-inner\">\n\t\t<div class=\"elementor-element elementor-element-68969289 e-con-full e-flex e-con e-child\" data-id=\"68969289\" data-element_type=\"container\">\n\t\t<div class=\"elementor-element elementor-element-5c9aca54 e-flex e-con-boxed e-con e-child\" data-id=\"5c9aca54\" data-element_type=\"container\">\n\t\t\t\t\t<div class=\"e-con-inner\">\n\t\t\t\t<div class=\"elementor-element elementor-element-5433d7fd elementor-widget__width-initial elementor-widget-tablet__width-inherit elementor-widget-mobile__width-inherit elementor-widget-tablet_extra__width-inherit elementor-invisible elementor-widget elementor-widget-icon-box\" data-id=\"5433d7fd\" data-element_type=\"widget\" data-settings=\"{&quot;_animation&quot;:&quot;fadeInUp&quot;}\" data-widget_type=\"icon-box.default\">\n\t\t\t\t<div class=\"elementor-widget-container\">\n\t\t\t\t\t\t\t<div class=\"elementor-icon-box-wrapper\">\n\n\t\t\t\n\t\t\t\t\t\t<div class=\"elementor-icon-box-content\">\n\n\t\t\t\t\t\t\t\t\t<h2 class=\"elementor-icon-box-title\">\n\t\t\t\t\t\t<span  >\n\t\t\t\t\t\t\tProjektet tona\t\t\t\t\t\t<\/span>\n\t\t\t\t\t<\/h2>\n\t\t\t\t\n\t\t\t\t\t\t\t\t\t<p class=\"elementor-icon-box-description\">\n\t\t\t\t\t\tCil\u00ebsi e garantuar \u2013 ne ofrojm\u00eb mb\u00ebshtetje t\u00eb plot\u00eb n\u00eb t\u00eb gjitha projektet tona t\u00eb p\u00ebrfunduara\t\t\t\t\t<\/p>\n\t\t\t\t\n\t\t\t<\/div>\n\t\t\t\n\t\t<\/div>\n\t\t\t\t\t\t<\/div>\n\t\t\t\t<\/div>\n\t\t\t\t\t<\/div>\n\t\t\t\t<\/div>\n\t\t\t\t<\/div>\n\t\t\t\t\t<\/div>\n\t\t\t\t<\/div>\n\t\t<div class=\"elementor-element elementor-element-18aa91b e-flex e-con-boxed e-con e-parent\" data-id=\"18aa91b\" data-element_type=\"container\">\n\t\t\t\t\t<div class=\"e-con-inner\">\n\t\t\t\t<div class=\"elementor-element elementor-element-57062c5 elementor-grid-2 elementor-grid-tablet-2 elementor-grid-mobile-1 elementor-widget elementor-widget-loop-grid\" data-id=\"57062c5\" data-element_type=\"widget\" data-settings=\"{&quot;template_id&quot;:&quot;677&quot;,&quot;columns&quot;:2,&quot;pagination_type&quot;:&quot;load_more_on_click&quot;,&quot;_skin&quot;:&quot;post&quot;,&quot;columns_tablet&quot;:&quot;2&quot;,&quot;columns_mobile&quot;:&quot;1&quot;,&quot;edit_handle_selector&quot;:&quot;[data-elementor-type=\\&quot;loop-item\\&quot;]&quot;,&quot;load_more_spinner&quot;:{&quot;value&quot;:&quot;fas fa-spinner&quot;,&quot;library&quot;:&quot;fa-solid&quot;},&quot;row_gap&quot;:{&quot;unit&quot;:&quot;px&quot;,&quot;size&quot;:&quot;&quot;,&quot;sizes&quot;:[]},&quot;row_gap_widescreen&quot;:{&quot;unit&quot;:&quot;px&quot;,&quot;size&quot;:&quot;&quot;,&quot;sizes&quot;:[]},&quot;row_gap_laptop&quot;:{&quot;unit&quot;:&quot;px&quot;,&quot;size&quot;:&quot;&quot;,&quot;sizes&quot;:[]},&quot;row_gap_tablet_extra&quot;:{&quot;unit&quot;:&quot;px&quot;,&quot;size&quot;:&quot;&quot;,&quot;sizes&quot;:[]},&quot;row_gap_tablet&quot;:{&quot;unit&quot;:&quot;px&quot;,&quot;size&quot;:&quot;&quot;,&quot;sizes&quot;:[]},&quot;row_gap_mobile_extra&quot;:{&quot;unit&quot;:&quot;px&quot;,&quot;size&quot;:&quot;&quot;,&quot;sizes&quot;:[]},&quot;row_gap_mobile&quot;:{&quot;unit&quot;:&quot;px&quot;,&quot;size&quot;:&quot;&quot;,&quot;sizes&quot;:[]}}\" data-widget_type=\"loop-grid.post\">\n\t\t\t\t<div class=\"elementor-widget-container\">\n\t\t\t\t\t\t\t<div class=\"elementor-loop-container elementor-grid\" role=\"list\">\n\t\t<style id=\"loop-677\">.elementor-677 .elementor-element.elementor-element-ac288a1{--display:flex;--flex-direction:column;--container-widget-width:100%;--container-widget-height:initial;--container-widget-flex-grow:0;--container-widget-align-self:initial;--flex-wrap-mobile:wrap;}.elementor-677 .elementor-element.elementor-element-19b54cd img{transition-duration:0.3s;}.elementor-677 .elementor-element.elementor-element-99501fb{text-align:center;}.elementor-677 .elementor-element.elementor-element-99501fb .elementor-heading-title a:hover, .elementor-677 .elementor-element.elementor-element-99501fb .elementor-heading-title a:focus{color:#0B66FF;}.elementor-677 .elementor-element.elementor-element-9ed1e5f{text-align:center;}.elementor-677 .elementor-element.elementor-element-9ed1e5f .elementor-heading-title{font-size:16px;font-weight:700;text-transform:capitalize;color:#0B66FF;}<\/style>\t\t<div data-elementor-type=\"loop-item\" data-elementor-id=\"677\" class=\"elementor elementor-677 e-loop-item e-loop-item-1200 post-1200 post type-post status-publish format-standard has-post-thumbnail hentry category-njoftime\" data-elementor-post-type=\"elementor_library\" data-custom-edit-handle=\"1\">\n\t\t\t<div class=\"elementor-element elementor-element-ac288a1 e-flex e-con-boxed e-con e-parent\" data-id=\"ac288a1\" data-element_type=\"container\">\n\t\t\t\t\t<div class=\"e-con-inner\">\n\t\t\t\t<div class=\"elementor-element elementor-element-19b54cd elementor-widget elementor-widget-theme-post-featured-image elementor-widget-image\" data-id=\"19b54cd\" data-element_type=\"widget\" data-widget_type=\"theme-post-featured-image.default\">\n\t\t\t\t<div class=\"elementor-widget-container\">\n\t\t\t\t\t\t\t\t\t\t\t\t\t\t\t\t<a href=\"https:\/\/boreal.al\/en\/mundesi-punesimi\/\">\n\t\t\t\t\t\t\t<img fetchpriority=\"high\" decoding=\"async\" width=\"1440\" height=\"1799\" src=\"https:\/\/boreal.al\/wp-content\/uploads\/2025\/09\/547386209_122164694912832810_687497345732818114_n.webp\" class=\"elementor-animation-float attachment-full size-full wp-image-1204\" alt=\"mundesi punesimi\" srcset=\"https:\/\/boreal.al\/wp-content\/uploads\/2025\/09\/547386209_122164694912832810_687497345732818114_n.webp 1440w, https:\/\/boreal.al\/wp-content\/uploads\/2025\/09\/547386209_122164694912832810_687497345732818114_n-240x300.webp 240w, https:\/\/boreal.al\/wp-content\/uploads\/2025\/09\/547386209_122164694912832810_687497345732818114_n-820x1024.webp 820w, https:\/\/boreal.al\/wp-content\/uploads\/2025\/09\/547386209_122164694912832810_687497345732818114_n-768x959.webp 768w, https:\/\/boreal.al\/wp-content\/uploads\/2025\/09\/547386209_122164694912832810_687497345732818114_n-1229x1536.webp 1229w, https:\/\/boreal.al\/wp-content\/uploads\/2025\/09\/547386209_122164694912832810_687497345732818114_n-10x12.webp 10w, https:\/\/boreal.al\/wp-content\/uploads\/2025\/09\/547386209_122164694912832810_687497345732818114_n-600x750.webp 600w\" sizes=\"(max-width: 1440px) 100vw, 1440px\" \/>\t\t\t\t\t\t\t\t<\/a>\n\t\t\t\t\t\t\t\t\t\t\t\t\t\t\t<\/div>\n\t\t\t\t<\/div>\n\t\t\t\t<div class=\"elementor-element elementor-element-99501fb elementor-widget elementor-widget-theme-post-title elementor-page-title elementor-widget-heading\" data-id=\"99501fb\" data-element_type=\"widget\" data-widget_type=\"theme-post-title.default\">\n\t\t\t\t<div class=\"elementor-widget-container\">\n\t\t\t\t\t<h6 class=\"elementor-heading-title elementor-size-default\"><a href=\"https:\/\/boreal.al\/en\/mundesi-punesimi\/\">Mund\u00ebsi Pun\u00ebsimi<\/a><\/h6>\t\t\t\t<\/div>\n\t\t\t\t<\/div>\n\t\t\t\t<div class=\"elementor-element elementor-element-9ed1e5f elementor-widget elementor-widget-heading\" data-id=\"9ed1e5f\" data-element_type=\"widget\" data-widget_type=\"heading.default\">\n\t\t\t\t<div class=\"elementor-widget-container\">\n\t\t\t\t\t<div class=\"elementor-heading-title elementor-size-default\"><a href=\"#\"><a href=\"https:\/\/boreal.al\/en\/category\/njoftime\/\" rel=\"tag\">Njoftime<\/a><\/a><\/div>\t\t\t\t<\/div>\n\t\t\t\t<\/div>\n\t\t\t\t\t<\/div>\n\t\t\t\t<\/div>\n\t\t\t\t<\/div>\n\t\t\t\t<div data-elementor-type=\"loop-item\" data-elementor-id=\"677\" class=\"elementor elementor-677 e-loop-item e-loop-item-1149 post-1149 post type-post status-publish format-standard has-post-thumbnail hentry category-projects\" data-elementor-post-type=\"elementor_library\" data-custom-edit-handle=\"1\">\n\t\t\t<div class=\"elementor-element elementor-element-ac288a1 e-flex e-con-boxed e-con e-parent\" data-id=\"ac288a1\" data-element_type=\"container\">\n\t\t\t\t\t<div class=\"e-con-inner\">\n\t\t\t\t<div class=\"elementor-element elementor-element-19b54cd elementor-widget elementor-widget-theme-post-featured-image elementor-widget-image\" data-id=\"19b54cd\" data-element_type=\"widget\" data-widget_type=\"theme-post-featured-image.default\">\n\t\t\t\t<div class=\"elementor-widget-container\">\n\t\t\t\t\t\t\t\t\t\t\t\t\t\t\t\t<a href=\"https:\/\/boreal.al\/en\/projekt\/\">\n\t\t\t\t\t\t\t<img decoding=\"async\" width=\"1640\" height=\"1159\" src=\"https:\/\/boreal.al\/wp-content\/uploads\/2025\/03\/Shelves.jpg\" class=\"elementor-animation-float attachment-full size-full wp-image-787\" alt=\"\" srcset=\"https:\/\/boreal.al\/wp-content\/uploads\/2025\/03\/Shelves.jpg 1640w, https:\/\/boreal.al\/wp-content\/uploads\/2025\/03\/Shelves-600x424.jpg 600w, https:\/\/boreal.al\/wp-content\/uploads\/2025\/03\/Shelves-300x212.jpg 300w, https:\/\/boreal.al\/wp-content\/uploads\/2025\/03\/Shelves-1024x724.jpg 1024w, https:\/\/boreal.al\/wp-content\/uploads\/2025\/03\/Shelves-768x543.jpg 768w, https:\/\/boreal.al\/wp-content\/uploads\/2025\/03\/Shelves-1536x1086.jpg 1536w\" sizes=\"(max-width: 1640px) 100vw, 1640px\" \/>\t\t\t\t\t\t\t\t<\/a>\n\t\t\t\t\t\t\t\t\t\t\t\t\t\t\t<\/div>\n\t\t\t\t<\/div>\n\t\t\t\t<div class=\"elementor-element elementor-element-99501fb elementor-widget elementor-widget-theme-post-title elementor-page-title elementor-widget-heading\" data-id=\"99501fb\" data-element_type=\"widget\" data-widget_type=\"theme-post-title.default\">\n\t\t\t\t<div class=\"elementor-widget-container\">\n\t\t\t\t\t<h6 class=\"elementor-heading-title elementor-size-default\"><a href=\"https:\/\/boreal.al\/en\/projekt\/\">Projekt<\/a><\/h6>\t\t\t\t<\/div>\n\t\t\t\t<\/div>\n\t\t\t\t<div class=\"elementor-element elementor-element-9ed1e5f elementor-widget elementor-widget-heading\" data-id=\"9ed1e5f\" data-element_type=\"widget\" data-widget_type=\"heading.default\">\n\t\t\t\t<div class=\"elementor-widget-container\">\n\t\t\t\t\t<div class=\"elementor-heading-title elementor-size-default\"><a href=\"#\"><a href=\"https:\/\/boreal.al\/en\/category\/projects\/\" rel=\"tag\">Projekte<\/a><\/a><\/div>\t\t\t\t<\/div>\n\t\t\t\t<\/div>\n\t\t\t\t\t<\/div>\n\t\t\t\t<\/div>\n\t\t\t\t<\/div>\n\t\t\t\t<div data-elementor-type=\"loop-item\" data-elementor-id=\"677\" class=\"elementor elementor-677 e-loop-item e-loop-item-735 post-735 post type-post status-publish format-standard has-post-thumbnail hentry category-projects\" data-elementor-post-type=\"elementor_library\" data-custom-edit-handle=\"1\">\n\t\t\t<div class=\"elementor-element elementor-element-ac288a1 e-flex e-con-boxed e-con e-parent\" data-id=\"ac288a1\" data-element_type=\"container\">\n\t\t\t\t\t<div class=\"e-con-inner\">\n\t\t\t\t<div class=\"elementor-element elementor-element-19b54cd elementor-widget elementor-widget-theme-post-featured-image elementor-widget-image\" data-id=\"19b54cd\" data-element_type=\"widget\" data-widget_type=\"theme-post-featured-image.default\">\n\t\t\t\t<div class=\"elementor-widget-container\">\n\t\t\t\t\t\t\t\t\t\t\t\t\t\t\t\t<a href=\"https:\/\/boreal.al\/en\/test-inox-test\/\">\n\t\t\t\t\t\t\t<img decoding=\"async\" width=\"800\" height=\"566\" src=\"https:\/\/boreal.al\/wp-content\/uploads\/2025\/02\/1p1.png\" class=\"elementor-animation-float attachment-full size-full wp-image-505\" alt=\"\" srcset=\"https:\/\/boreal.al\/wp-content\/uploads\/2025\/02\/1p1.png 800w, https:\/\/boreal.al\/wp-content\/uploads\/2025\/02\/1p1-600x425.png 600w, https:\/\/boreal.al\/wp-content\/uploads\/2025\/02\/1p1-300x212.png 300w, https:\/\/boreal.al\/wp-content\/uploads\/2025\/02\/1p1-768x543.png 768w\" sizes=\"(max-width: 800px) 100vw, 800px\" \/>\t\t\t\t\t\t\t\t<\/a>\n\t\t\t\t\t\t\t\t\t\t\t\t\t\t\t<\/div>\n\t\t\t\t<\/div>\n\t\t\t\t<div class=\"elementor-element elementor-element-99501fb elementor-widget elementor-widget-theme-post-title elementor-page-title elementor-widget-heading\" data-id=\"99501fb\" data-element_type=\"widget\" data-widget_type=\"theme-post-title.default\">\n\t\t\t\t<div class=\"elementor-widget-container\">\n\t\t\t\t\t<h6 class=\"elementor-heading-title elementor-size-default\"><a href=\"https:\/\/boreal.al\/en\/test-inox-test\/\">Test inox test<\/a><\/h6>\t\t\t\t<\/div>\n\t\t\t\t<\/div>\n\t\t\t\t<div class=\"elementor-element elementor-element-9ed1e5f elementor-widget elementor-widget-heading\" data-id=\"9ed1e5f\" data-element_type=\"widget\" data-widget_type=\"heading.default\">\n\t\t\t\t<div class=\"elementor-widget-container\">\n\t\t\t\t\t<div class=\"elementor-heading-title elementor-size-default\"><a href=\"#\"><a href=\"https:\/\/boreal.al\/en\/category\/projects\/\" rel=\"tag\">Projekte<\/a><\/a><\/div>\t\t\t\t<\/div>\n\t\t\t\t<\/div>\n\t\t\t\t\t<\/div>\n\t\t\t\t<\/div>\n\t\t\t\t<\/div>\n\t\t\t\t<div data-elementor-type=\"loop-item\" data-elementor-id=\"677\" class=\"elementor elementor-677 e-loop-item e-loop-item-563 post-563 post type-post status-publish format-standard has-post-thumbnail hentry category-projects\" data-elementor-post-type=\"elementor_library\" data-custom-edit-handle=\"1\">\n\t\t\t<div class=\"elementor-element elementor-element-ac288a1 e-flex e-con-boxed e-con e-parent\" data-id=\"ac288a1\" data-element_type=\"container\">\n\t\t\t\t\t<div class=\"e-con-inner\">\n\t\t\t\t<div class=\"elementor-element elementor-element-19b54cd elementor-widget elementor-widget-theme-post-featured-image elementor-widget-image\" data-id=\"19b54cd\" data-element_type=\"widget\" data-widget_type=\"theme-post-featured-image.default\">\n\t\t\t\t<div class=\"elementor-widget-container\">\n\t\t\t\t\t\t\t\t\t\t\t\t\t\t\t\t<a href=\"https:\/\/boreal.al\/en\/vrb-series-outdoor-heat-recovery-units\/\">\n\t\t\t\t\t\t\t<img decoding=\"async\" width=\"800\" height=\"566\" src=\"https:\/\/boreal.al\/wp-content\/uploads\/2025\/02\/1p1.png\" class=\"elementor-animation-float attachment-full size-full wp-image-505\" alt=\"\" srcset=\"https:\/\/boreal.al\/wp-content\/uploads\/2025\/02\/1p1.png 800w, https:\/\/boreal.al\/wp-content\/uploads\/2025\/02\/1p1-600x425.png 600w, https:\/\/boreal.al\/wp-content\/uploads\/2025\/02\/1p1-300x212.png 300w, https:\/\/boreal.al\/wp-content\/uploads\/2025\/02\/1p1-768x543.png 768w\" sizes=\"(max-width: 800px) 100vw, 800px\" \/>\t\t\t\t\t\t\t\t<\/a>\n\t\t\t\t\t\t\t\t\t\t\t\t\t\t\t<\/div>\n\t\t\t\t<\/div>\n\t\t\t\t<div class=\"elementor-element elementor-element-99501fb elementor-widget elementor-widget-theme-post-title elementor-page-title elementor-widget-heading\" data-id=\"99501fb\" data-element_type=\"widget\" data-widget_type=\"theme-post-title.default\">\n\t\t\t\t<div class=\"elementor-widget-container\">\n\t\t\t\t\t<h6 class=\"elementor-heading-title elementor-size-default\"><a href=\"https:\/\/boreal.al\/en\/vrb-series-outdoor-heat-recovery-units\/\">VRB Series Outdoor Heat Recovery Units<\/a><\/h6>\t\t\t\t<\/div>\n\t\t\t\t<\/div>\n\t\t\t\t<div class=\"elementor-element elementor-element-9ed1e5f elementor-widget elementor-widget-heading\" data-id=\"9ed1e5f\" data-element_type=\"widget\" data-widget_type=\"heading.default\">\n\t\t\t\t<div class=\"elementor-widget-container\">\n\t\t\t\t\t<div class=\"elementor-heading-title elementor-size-default\"><a href=\"#\"><a href=\"https:\/\/boreal.al\/en\/category\/projects\/\" rel=\"tag\">Projekte<\/a><\/a><\/div>\t\t\t\t<\/div>\n\t\t\t\t<\/div>\n\t\t\t\t\t<\/div>\n\t\t\t\t<\/div>\n\t\t\t\t<\/div>\n\t\t\t\t<div data-elementor-type=\"loop-item\" data-elementor-id=\"677\" class=\"elementor elementor-677 e-loop-item e-loop-item-533 post-533 post type-post status-publish format-standard has-post-thumbnail hentry category-projects\" data-elementor-post-type=\"elementor_library\" data-custom-edit-handle=\"1\">\n\t\t\t<div class=\"elementor-element elementor-element-ac288a1 e-flex e-con-boxed e-con e-parent\" data-id=\"ac288a1\" data-element_type=\"container\">\n\t\t\t\t\t<div class=\"e-con-inner\">\n\t\t\t\t<div class=\"elementor-element elementor-element-19b54cd elementor-widget elementor-widget-theme-post-featured-image elementor-widget-image\" data-id=\"19b54cd\" data-element_type=\"widget\" data-widget_type=\"theme-post-featured-image.default\">\n\t\t\t\t<div class=\"elementor-widget-container\">\n\t\t\t\t\t\t\t\t\t\t\t\t\t\t\t\t<a href=\"https:\/\/boreal.al\/en\/testpost\/\">\n\t\t\t\t\t\t\t<img loading=\"lazy\" decoding=\"async\" width=\"1000\" height=\"707\" src=\"https:\/\/boreal.al\/wp-content\/uploads\/2025\/02\/hh.jpg\" class=\"elementor-animation-float attachment-full size-full wp-image-529\" alt=\"\" srcset=\"https:\/\/boreal.al\/wp-content\/uploads\/2025\/02\/hh.jpg 1000w, https:\/\/boreal.al\/wp-content\/uploads\/2025\/02\/hh-600x424.jpg 600w, https:\/\/boreal.al\/wp-content\/uploads\/2025\/02\/hh-300x212.jpg 300w, https:\/\/boreal.al\/wp-content\/uploads\/2025\/02\/hh-768x543.jpg 768w\" sizes=\"(max-width: 1000px) 100vw, 1000px\" \/>\t\t\t\t\t\t\t\t<\/a>\n\t\t\t\t\t\t\t\t\t\t\t\t\t\t\t<\/div>\n\t\t\t\t<\/div>\n\t\t\t\t<div class=\"elementor-element elementor-element-99501fb elementor-widget elementor-widget-theme-post-title elementor-page-title elementor-widget-heading\" data-id=\"99501fb\" data-element_type=\"widget\" data-widget_type=\"theme-post-title.default\">\n\t\t\t\t<div class=\"elementor-widget-container\">\n\t\t\t\t\t<h6 class=\"elementor-heading-title elementor-size-default\"><a href=\"https:\/\/boreal.al\/en\/testpost\/\">testpost<\/a><\/h6>\t\t\t\t<\/div>\n\t\t\t\t<\/div>\n\t\t\t\t<div class=\"elementor-element elementor-element-9ed1e5f elementor-widget elementor-widget-heading\" data-id=\"9ed1e5f\" data-element_type=\"widget\" data-widget_type=\"heading.default\">\n\t\t\t\t<div class=\"elementor-widget-container\">\n\t\t\t\t\t<div class=\"elementor-heading-title elementor-size-default\"><a href=\"#\"><a href=\"https:\/\/boreal.al\/en\/category\/projects\/\" rel=\"tag\">Projekte<\/a><\/a><\/div>\t\t\t\t<\/div>\n\t\t\t\t<\/div>\n\t\t\t\t\t<\/div>\n\t\t\t\t<\/div>\n\t\t\t\t<\/div>\n\t\t\t\t<div data-elementor-type=\"loop-item\" data-elementor-id=\"677\" class=\"elementor elementor-677 e-loop-item e-loop-item-1 post-1 post type-post status-publish format-standard has-post-thumbnail hentry category-projects\" data-elementor-post-type=\"elementor_library\" data-custom-edit-handle=\"1\">\n\t\t\t<div class=\"elementor-element elementor-element-ac288a1 e-flex e-con-boxed e-con e-parent\" data-id=\"ac288a1\" data-element_type=\"container\">\n\t\t\t\t\t<div class=\"e-con-inner\">\n\t\t\t\t<div class=\"elementor-element elementor-element-19b54cd elementor-widget elementor-widget-theme-post-featured-image elementor-widget-image\" data-id=\"19b54cd\" data-element_type=\"widget\" data-widget_type=\"theme-post-featured-image.default\">\n\t\t\t\t<div class=\"elementor-widget-container\">\n\t\t\t\t\t\t\t\t\t\t\t\t\t\t\t\t<a href=\"https:\/\/boreal.al\/en\/hello-world\/\">\n\t\t\t\t\t\t\t<img loading=\"lazy\" decoding=\"async\" width=\"800\" height=\"566\" src=\"https:\/\/boreal.al\/wp-content\/uploads\/2025\/02\/6p6.png\" class=\"elementor-animation-float attachment-full size-full wp-image-507\" alt=\"\" srcset=\"https:\/\/boreal.al\/wp-content\/uploads\/2025\/02\/6p6.png 800w, https:\/\/boreal.al\/wp-content\/uploads\/2025\/02\/6p6-600x425.png 600w, https:\/\/boreal.al\/wp-content\/uploads\/2025\/02\/6p6-300x212.png 300w, https:\/\/boreal.al\/wp-content\/uploads\/2025\/02\/6p6-768x543.png 768w\" sizes=\"(max-width: 800px) 100vw, 800px\" \/>\t\t\t\t\t\t\t\t<\/a>\n\t\t\t\t\t\t\t\t\t\t\t\t\t\t\t<\/div>\n\t\t\t\t<\/div>\n\t\t\t\t<div class=\"elementor-element elementor-element-99501fb elementor-widget elementor-widget-theme-post-title elementor-page-title elementor-widget-heading\" data-id=\"99501fb\" data-element_type=\"widget\" data-widget_type=\"theme-post-title.default\">\n\t\t\t\t<div class=\"elementor-widget-container\">\n\t\t\t\t\t<h6 class=\"elementor-heading-title elementor-size-default\"><a href=\"https:\/\/boreal.al\/en\/hello-world\/\">Hello world!<\/a><\/h6>\t\t\t\t<\/div>\n\t\t\t\t<\/div>\n\t\t\t\t<div class=\"elementor-element elementor-element-9ed1e5f elementor-widget elementor-widget-heading\" data-id=\"9ed1e5f\" data-element_type=\"widget\" data-widget_type=\"heading.default\">\n\t\t\t\t<div class=\"elementor-widget-container\">\n\t\t\t\t\t<div class=\"elementor-heading-title elementor-size-default\"><a href=\"#\"><a href=\"https:\/\/boreal.al\/en\/category\/projects\/\" rel=\"tag\">Projekte<\/a><\/a><\/div>\t\t\t\t<\/div>\n\t\t\t\t<\/div>\n\t\t\t\t\t<\/div>\n\t\t\t\t<\/div>\n\t\t\t\t<\/div>\n\t\t\t\t<\/div>\n\t\t\t\t\t<span class=\"e-load-more-spinner\">\n\t\t\t\t<svg aria-hidden=\"true\" class=\"e-font-icon-svg e-fas-spinner\" viewbox=\"0 0 512 512\" xmlns=\"http:\/\/www.w3.org\/2000\/svg\"><path d=\"M304 48c0 26.51-21.49 48-48 48s-48-21.49-48-48 21.49-48 48-48 48 21.49 48 48zm-48 368c-26.51 0-48 21.49-48 48s21.49 48 48 48 48-21.49 48-48-21.49-48-48-48zm208-208c-26.51 0-48 21.49-48 48s21.49 48 48 48 48-21.49 48-48-21.49-48-48-48zM96 256c0-26.51-21.49-48-48-48S0 229.49 0 256s21.49 48 48 48 48-21.49 48-48zm12.922 99.078c-26.51 0-48 21.49-48 48s21.49 48 48 48 48-21.49 48-48c0-26.509-21.491-48-48-48zm294.156 0c-26.51 0-48 21.49-48 48s21.49 48 48 48 48-21.49 48-48c0-26.509-21.49-48-48-48zM108.922 60.922c-26.51 0-48 21.49-48 48s21.49 48 48 48 48-21.49 48-48-21.491-48-48-48z\"><\/path><\/svg>\t\t\t<\/span>\n\t\t\n\t\t\t\t\t\t<\/div>\n\t\t\t\t<\/div>\n\t\t\t\t\t<\/div>\n\t\t\t\t<\/div>\n\t\t\t\t<\/div>","protected":false},"excerpt":{"rendered":"<p>Projekte Projektet tona Cil\u00ebsi e garantuar \u2013 ne ofrojm\u00eb mb\u00ebshtetje t\u00eb plot\u00eb n\u00eb t\u00eb gjitha projektet tona t\u00eb p\u00ebrfunduara<\/p>","protected":false},"author":1,"featured_media":0,"parent":0,"menu_order":0,"comment_status":"closed","ping_status":"closed","template":"elementor_header_footer","meta":{"footnotes":""},"class_list":["post-223","page","type-page","status-publish","hentry"],"_links":{"self":[{"href":"https:\/\/boreal.al\/en\/wp-json\/wp\/v2\/pages\/223","targetHints":{"allow":["GET"]}}],"collection":[{"href":"https:\/\/boreal.al\/en\/wp-json\/wp\/v2\/pages"}],"about":[{"href":"https:\/\/boreal.al\/en\/wp-json\/wp\/v2\/types\/page"}],"author":[{"embeddable":true,"href":"https:\/\/boreal.al\/en\/wp-json\/wp\/v2\/users\/1"}],"replies":[{"embeddable":true,"href":"https:\/\/boreal.al\/en\/wp-json\/wp\/v2\/comments?post=223"}],"version-history":[{"count":28,"href":"https:\/\/boreal.al\/en\/wp-json\/wp\/v2\/pages\/223\/revisions"}],"predecessor-version":[{"id":1145,"href":"https:\/\/boreal.al\/en\/wp-json\/wp\/v2\/pages\/223\/revisions\/1145"}],"wp:attachment":[{"href":"https:\/\/boreal.al\/en\/wp-json\/wp\/v2\/media?parent=223"}],"curies":[{"name":"wp","href":"https:\/\/api.w.org\/{rel}","templated":true}]}}